{"id":149,"date":"2024-02-22T08:47:25","date_gmt":"2024-02-22T08:47:25","guid":{"rendered":"https:\/\/area20.org\/?page_id=149"},"modified":"2024-02-24T12:53:49","modified_gmt":"2024-02-24T12:53:49","slug":"colabora","status":"publish","type":"page","link":"https:\/\/area20.org\/index.php\/colabora\/","title":{"rendered":"Colabora"},"content":{"rendered":"<p>[et_pb_section fb_built=\u00bb1&#8243; _builder_version=\u00bb4.24.2&#8243; _module_preset=\u00bbdefault\u00bb global_colors_info=\u00bb{}\u00bb][et_pb_row _builder_version=\u00bb4.24.2&#8243; _module_preset=\u00bbdefault\u00bb global_colors_info=\u00bb{}\u00bb][et_pb_column type=\u00bb4_4&#8243; _builder_version=\u00bb4.24.2&#8243; _module_preset=\u00bbdefault\u00bb global_colors_info=\u00bb{}\u00bb][et_pb_text _builder_version=\u00bb4.24.2&#8243; _module_preset=\u00bbdefault\u00bb global_colors_info=\u00bb{}\u00bb]<\/p>\n<p><strong>Por qu\u00e9 colaborar<\/strong><\/p>\n<p>La asociaci\u00f3n \u00c1rea 20 es una asociaci\u00f3n sin \u00e1nimo de lucro y funciona gracias a los donativos que aportan los colaboradores, ya sean porque se benefician directamente de las actividades desarrolladas por la asociaci\u00f3n y sus instalaciones, o por comprender el bien social que aporta esta asociaci\u00f3n para ayudar al desarrollo de la sociedad y en concreto a las personas que acuden a las diferentes actividades y medios de formaci\u00f3n.<\/p>\n<p>Tenemos un acuerdo con la Fundaci\u00f3n Cultura y Sociedad, cuyos fines se alinean con los nuestros, para que los colaboradores que quieran donar a \u00c1rea rellenando el formulario siguiente puedan desgravar la donaci\u00f3n (de tal modo que el coste real sea menor: los primeros 250 euros donados tienen una desgravaci\u00f3n del 80% y a partir de ah\u00ed una desgravaci\u00f3n del 40%).<\/p>\n<p>&nbsp;<\/p>\n<p>[\/et_pb_text][et_pb_code _builder_version=\u00bb4.24.2&#8243; _module_preset=\u00bbdefault\u00bb global_colors_info=\u00bb{}\u00bb][\/et_pb_code][et_pb_code _builder_version=\u00bb4.24.2&#8243; _module_preset=\u00bbdefault\u00bb text_orientation=\u00bbleft\u00bb hover_enabled=\u00bb0&#8243; global_colors_info=\u00bb{}\u00bb raw_content__hover_enabled=\u00bboff|desktop\u00bb sticky_enabled=\u00bb0&#8243;]<iframe loading=\"lazy\" src=\"https:\/\/forms.gle\/mcuFpmFZHzccaBwJ9\" width=\"800\" height=\"600\"><\/iframe>[\/et_pb_code][\/et_pb_column][\/et_pb_row][\/et_pb_section]<\/p>\n","protected":false},"excerpt":{"rendered":"<p>Por qu\u00e9 colaborar La asociaci\u00f3n \u00c1rea 20 es una asociaci\u00f3n sin \u00e1nimo de lucro y funciona gracias a los donativos que aportan los colaboradores, ya sean porque se benefician directamente de las actividades desarrolladas por la asociaci\u00f3n y sus instalaciones, o por comprender el bien social que aporta esta asociaci\u00f3n para ayudar al desarrollo de [&hellip;]<\/p>\n","protected":false},"author":5,"featured_media":0,"parent":0,"menu_order":0,"comment_status":"closed","ping_status":"closed","template":"","meta":{"_et_pb_use_builder":"on","_et_pb_old_content":"","_et_gb_content_width":"","footnotes":""},"class_list":["post-149","page","type-page","status-publish","hentry"],"jetpack_sharing_enabled":true,"_links":{"self":[{"href":"https:\/\/area20.org\/index.php\/wp-json\/wp\/v2\/pages\/149","targetHints":{"allow":["GET"]}}],"collection":[{"href":"https:\/\/area20.org\/index.php\/wp-json\/wp\/v2\/pages"}],"about":[{"href":"https:\/\/area20.org\/index.php\/wp-json\/wp\/v2\/types\/page"}],"author":[{"embeddable":true,"href":"https:\/\/area20.org\/index.php\/wp-json\/wp\/v2\/users\/5"}],"replies":[{"embeddable":true,"href":"https:\/\/area20.org\/index.php\/wp-json\/wp\/v2\/comments?post=149"}],"version-history":[{"count":9,"href":"https:\/\/area20.org\/index.php\/wp-json\/wp\/v2\/pages\/149\/revisions"}],"predecessor-version":[{"id":178,"href":"https:\/\/area20.org\/index.php\/wp-json\/wp\/v2\/pages\/149\/revisions\/178"}],"wp:attachment":[{"href":"https:\/\/area20.org\/index.php\/wp-json\/wp\/v2\/media?parent=149"}],"curies":[{"name":"wp","href":"https:\/\/api.w.org\/{rel}","templated":true}]}}